{"id":59,"date":"2016-02-15T22:03:41","date_gmt":"2016-02-15T21:03:41","guid":{"rendered":"http:\/\/localhost\/wordpress\/?page_id=59"},"modified":"2026-04-16T02:01:24","modified_gmt":"2026-04-16T00:01:24","slug":"ein-tag-im-wald","status":"publish","type":"page","link":"https:\/\/www.forchheimer-waldstrolche.de\/?page_id=59","title":{"rendered":"Ein Tag im Wald"},"content":{"rendered":"<section>\n<h2 style=\"text-align: center;\">Ein Tag bei den Forchheimer Waldstrolchen<\/h2>\n<h4><a href=\"https:\/\/www.forchheimer-waldstrolche.de\/wp-content\/uploads\/2023\/12\/WhatsApp-Image-2023-12-03-at-08.13.23-8.jpeg\"><img loading=\"lazy\" class=\"alignright wp-image-2603 size-medium\" src=\"https:\/\/www.forchheimer-waldstrolche.de\/wp-content\/uploads\/2023\/12\/WhatsApp-Image-2023-12-03-at-08.13.23-8-225x300.jpeg\" alt=\"\" width=\"225\" height=\"300\" srcset=\"https:\/\/www.forchheimer-waldstrolche.de\/wp-content\/uploads\/2023\/12\/WhatsApp-Image-2023-12-03-at-08.13.23-8-225x300.jpeg 225w, https:\/\/www.forchheimer-waldstrolche.de\/wp-content\/uploads\/2023\/12\/WhatsApp-Image-2023-12-03-at-08.13.23-8-113x150.jpeg 113w, https:\/\/www.forchheimer-waldstrolche.de\/wp-content\/uploads\/2023\/12\/WhatsApp-Image-2023-12-03-at-08.13.23-8.jpeg 768w\" sizes=\"(max-width: 225px) 100vw, 225px\" \/><\/a>7.45 &#8211; 8.15 Uhr: Bringzeit<\/h4>\n<p>Die Kinder trudeln nach und nach ein. Bis alle da sind, haben die Kinder Zeit zum Ankommen, gemeinsamen Spielen, Bauen und Schaukeln.<br \/>\nOft helfen sie auch, den Morgenkreis vorzubereiten.<\/p>\n<\/section>\n<section>\n<h4><\/h4>\n<\/section>\n<section>\n<h4>ca. 8.30 Uhr: Morgenkreis<\/h4>\n<div class=\"entry-image float-right\"><\/div>\n<p>Der Morgenkreis findet immer im Tipi statt, bei Regen unter der Plane.<\/p>\n<p>Zusammen singen wir hier gemeinsam ein Lied. Ein Kind darf die anwesenden Kinder z\u00e4hlen und wir besprechen, ob jemand fehlt. Wir \u00fcberlegen gemeinsam, welcher Wochentag und welches Datum heute ist, dazu verwenden wir unseren Holzkalender. Ein anderes Kind macht anschlie\u00dfend den Wetterbericht. Je nach Wetter und Stimmung der Kinder lassen wir auch mal etwas weg. Mitunter gestalten wir den Kreis ganz anders, indem wir eine Geschichte vorlesen oder ein Fingerspiel zu einem bestimmten Thema machen.<br \/>\nDanach wird besprochen, was heute ansteht und es wird ein Ziel f\u00fcr den Spaziergang bestimmt.<\/p>\n<\/section>\n<section>\n<h4>ca. 9 Uhr: Spaziergang<a href=\"https:\/\/www.forchheimer-waldstrolche.de\/wp-content\/uploads\/2023\/12\/WhatsApp-Image-2023-12-03-at-08.12.07-5.jpeg\"><img loading=\"lazy\" class=\"alignleft wp-image-2638 size-medium\" src=\"https:\/\/www.forchheimer-waldstrolche.de\/wp-content\/uploads\/2023\/12\/WhatsApp-Image-2023-12-03-at-08.12.07-5-300x225.jpeg\" alt=\"\" width=\"300\" height=\"225\" srcset=\"https:\/\/www.forchheimer-waldstrolche.de\/wp-content\/uploads\/2023\/12\/WhatsApp-Image-2023-12-03-at-08.12.07-5-300x225.jpeg 300w, https:\/\/www.forchheimer-waldstrolche.de\/wp-content\/uploads\/2023\/12\/WhatsApp-Image-2023-12-03-at-08.12.07-5-768x576.jpeg 768w, https:\/\/www.forchheimer-waldstrolche.de\/wp-content\/uploads\/2023\/12\/WhatsApp-Image-2023-12-03-at-08.12.07-5-150x113.jpeg 150w, https:\/\/www.forchheimer-waldstrolche.de\/wp-content\/uploads\/2023\/12\/WhatsApp-Image-2023-12-03-at-08.12.07-5.jpeg 1024w\" sizes=\"(max-width: 300px) 100vw, 300px\" \/><\/a><\/h4>\n<p>Gemeinsam machen wir uns auf den Weg in den Wald oder \u00fcber die Wiesen. Die Kinder haben schon ihre Lieblingsziele, besonders die \u201eSchlucht\u201c, eine kleine Sandsteinsenke hat es ihnen angetan: Hier kann man rutschen und klettern, mit Sandstein auf die Felsen malen und einfach hervorragend spielen.<\/p>\n<p>Aber auch der \u201eKullerkuhlenwald\u201c, der \u201eMatschberg\u201c, die \u201eobere BMX Strecke\u201c und die \u201eStatue\u201c sind sehr beliebt.<br \/>\nDer Weg wird unterbrochen von Haltestationen, an denen sich die ganze Gruppe immer wieder sammelt. Er bietet die M\u00f6glichkeit zur Kontaktaufnahme, zum Entdecken und zu Gespr\u00e4chen. Manchmal l\u00e4dt ein Ort auch besonders ein, etwas gemeinsam zu bauen oder kreativ zu werden.<\/p>\n<\/section>\n<section>\n<div class=\"entry-image float-left\"><\/div>\n<h4><a href=\"https:\/\/www.forchheimer-waldstrolche.de\/wp-content\/uploads\/2023\/12\/WhatsApp-Image-2023-12-03-at-08.13.23-9.jpeg\"><img loading=\"lazy\" class=\"alignright wp-image-2602 size-medium\" src=\"https:\/\/www.forchheimer-waldstrolche.de\/wp-content\/uploads\/2023\/12\/WhatsApp-Image-2023-12-03-at-08.13.23-9-300x225.jpeg\" alt=\"\" width=\"300\" height=\"225\" srcset=\"https:\/\/www.forchheimer-waldstrolche.de\/wp-content\/uploads\/2023\/12\/WhatsApp-Image-2023-12-03-at-08.13.23-9-300x225.jpeg 300w, https:\/\/www.forchheimer-waldstrolche.de\/wp-content\/uploads\/2023\/12\/WhatsApp-Image-2023-12-03-at-08.13.23-9-768x576.jpeg 768w, https:\/\/www.forchheimer-waldstrolche.de\/wp-content\/uploads\/2023\/12\/WhatsApp-Image-2023-12-03-at-08.13.23-9-150x113.jpeg 150w, https:\/\/www.forchheimer-waldstrolche.de\/wp-content\/uploads\/2023\/12\/WhatsApp-Image-2023-12-03-at-08.13.23-9.jpeg 1024w\" sizes=\"(max-width: 300px) 100vw, 300px\" \/><\/a>ca. 10 Uhr: Brotzeit<\/h4>\n<\/section>\n<p>Nach dem H\u00e4ndewaschen wird gemeinsam gevespert. Jedes Kind hat seine eigene Brotzeit dabei.<\/p>\n<p>Die Brotzeit bietet Gelegenheit zur Ruhe, zum Gespr\u00e4ch und zum Zuh\u00f6ren. Hier kommt besonders das Zusammengeh\u00f6rigkeitsgef\u00fchl zum Ausdruck.<\/p>\n<h4 style=\"text-align: left;\"><\/h4>\n<section>\n<div class=\"entry-image float-right\"><a href=\"https:\/\/www.forchheimer-waldstrolche.de\/wp-content\/uploads\/2023\/12\/WhatsApp-Image-2023-12-03-at-08.13.50-28.jpeg\"><img loading=\"lazy\" class=\"alignleft wp-image-2588 size-medium\" src=\"https:\/\/www.forchheimer-waldstrolche.de\/wp-content\/uploads\/2023\/12\/WhatsApp-Image-2023-12-03-at-08.13.50-28-300x225.jpeg\" alt=\"\" width=\"300\" height=\"225\" srcset=\"https:\/\/www.forchheimer-waldstrolche.de\/wp-content\/uploads\/2023\/12\/WhatsApp-Image-2023-12-03-at-08.13.50-28-300x225.jpeg 300w, https:\/\/www.forchheimer-waldstrolche.de\/wp-content\/uploads\/2023\/12\/WhatsApp-Image-2023-12-03-at-08.13.50-28-768x576.jpeg 768w, https:\/\/www.forchheimer-waldstrolche.de\/wp-content\/uploads\/2023\/12\/WhatsApp-Image-2023-12-03-at-08.13.50-28-150x113.jpeg 150w, https:\/\/www.forchheimer-waldstrolche.de\/wp-content\/uploads\/2023\/12\/WhatsApp-Image-2023-12-03-at-08.13.50-28.jpeg 1024w\" sizes=\"(max-width: 300px) 100vw, 300px\" \/><\/a><\/div>\n<h4>ca. 10.20 Uhr: Freispiel und Angebote<\/h4>\n<p>Nun haben die Kinder Zeit, am Platz zu spielen. Danach beginnt das Freispiel.<\/p>\n<p>Das Spiel ist f\u00fcr das Kind die ureigene Ausdrucks-, Erfahrungs- und Lernform. In einem gro\u00dfz\u00fcgig abgesteckten Rahmen (in H\u00f6r- und\/oder Sichtweite) bestimmt das Kind den Ort, den Spielpartner, die Spielaktivit\u00e4t und das Spielmaterial selbst. Die P\u00e4dagogen begleiten die Kinder dabei (\u201esituativ\u201c) und stehen f\u00fcr Fragen zur Verf\u00fcgung.<\/p>\n<p>Danach oder parallel werden sachbezogene Aktionen und Angebote durchgef\u00fchrt, in denen die Ideen der Kinder mit einbezogen werden. Situationsorientiert und witterungsabh\u00e4ngig kann dies geschehen mit:<\/p>\n<ul>\n<li>Bilderb\u00fcchern, Geschichten, Gedichten, Rollen- und Theaterspielen, Gespr\u00e4chen<\/li>\n<li>Bewegungs-, Bestimmungs-, Such- und Wahrnehmungsspielen<\/li>\n<li>Projekten, Angeboten, Experimenten<\/li>\n<li>Werken und Arbeiten, Bauen und Gestalten, Malen, Schneiden und Kleben mit Naturmaterialien sowie mit Papier, Stoff, Perlen usw.<\/li>\n<\/ul>\n<\/section>\n<section>\n<section><\/section>\n<h4 style=\"text-align: right;\"><\/h4>\n<h4 style=\"text-align: left;\">12 Uhr: Gemeinsames Aufr\u00e4umen und Trinken<img loading=\"lazy\" class=\"alignright wp-image-2613 size-medium\" src=\"https:\/\/www.forchheimer-waldstrolche.de\/wp-content\/uploads\/2023\/12\/WhatsApp-Image-2023-12-03-at-08.13.22-19-225x300.jpeg\" alt=\"\" width=\"225\" height=\"300\" srcset=\"https:\/\/www.forchheimer-waldstrolche.de\/wp-content\/uploads\/2023\/12\/WhatsApp-Image-2023-12-03-at-08.13.22-19-225x300.jpeg 225w, https:\/\/www.forchheimer-waldstrolche.de\/wp-content\/uploads\/2023\/12\/WhatsApp-Image-2023-12-03-at-08.13.22-19-113x150.jpeg 113w, https:\/\/www.forchheimer-waldstrolche.de\/wp-content\/uploads\/2023\/12\/WhatsApp-Image-2023-12-03-at-08.13.22-19.jpeg 768w\" sizes=\"(max-width: 225px) 100vw, 225px\" \/><\/h4>\n<\/section>\n<p style=\"text-align: left;\">Gemeinsam r\u00e4umen wir den Platz auf und treffen uns anschlie\u00dfend zum Trinken.<\/p>\n<h4 style=\"text-align: left;\">12.15 Uhr: Abschlusskreis<\/h4>\n<section>\n<p style=\"text-align: left;\">Wir treffen uns zum Abschlusskreis im Tipi, unter der Plane oder auf der Wiese. Dort machen wir gemeinsam ein Spiel, h\u00f6ren eine Geschichte oder machen eine gemeinsame Aktion. Anschlie\u00dfend verabschieden wir uns mit einem Lied voneinander.<\/p>\n<\/section>\n<section>\n<h4 style=\"text-align: left;\">12.45 &#8211; 13.00 Uhr: Erste Abholzeit<\/h4>\n<p style=\"text-align: left;\">Einige Kinder werden abgeholt. Die Mittagskinder besch\u00e4ftigen sich so lange am Platz.<\/p>\n<\/section>\n<section>\n<h4 style=\"text-align: right;\"><a href=\"https:\/\/www.forchheimer-waldstrolche.de\/wp-content\/uploads\/2023\/12\/WhatsApp-Image-2023-12-02-at-19.12.46-2.jpeg\"><img loading=\"lazy\" class=\"alignleft wp-image-2563 size-medium\" src=\"https:\/\/www.forchheimer-waldstrolche.de\/wp-content\/uploads\/2023\/12\/WhatsApp-Image-2023-12-02-at-19.12.46-2-300x225.jpeg\" alt=\"\" width=\"300\" height=\"225\" srcset=\"https:\/\/www.forchheimer-waldstrolche.de\/wp-content\/uploads\/2023\/12\/WhatsApp-Image-2023-12-02-at-19.12.46-2-300x225.jpeg 300w, https:\/\/www.forchheimer-waldstrolche.de\/wp-content\/uploads\/2023\/12\/WhatsApp-Image-2023-12-02-at-19.12.46-2-1024x768.jpeg 1024w, https:\/\/www.forchheimer-waldstrolche.de\/wp-content\/uploads\/2023\/12\/WhatsApp-Image-2023-12-02-at-19.12.46-2-768x576.jpeg 768w, https:\/\/www.forchheimer-waldstrolche.de\/wp-content\/uploads\/2023\/12\/WhatsApp-Image-2023-12-02-at-19.12.46-2-1536x1152.jpeg 1536w, https:\/\/www.forchheimer-waldstrolche.de\/wp-content\/uploads\/2023\/12\/WhatsApp-Image-2023-12-02-at-19.12.46-2-150x113.jpeg 150w, https:\/\/www.forchheimer-waldstrolche.de\/wp-content\/uploads\/2023\/12\/WhatsApp-Image-2023-12-02-at-19.12.46-2-1220x915.jpeg 1220w, https:\/\/www.forchheimer-waldstrolche.de\/wp-content\/uploads\/2023\/12\/WhatsApp-Image-2023-12-02-at-19.12.46-2.jpeg 2048w\" sizes=\"(max-width: 300px) 100vw, 300px\" \/><\/a><\/h4>\n<h4>13.00 \u2013 14.00 Uhr: Freispiel und Angebote<\/h4>\n<p>Je nach Lust und Laune der Mittagskinder wird gespielt, geh\u00e4mmert, gemalt, gebastelt oder vorgelesen. Wenn die Kinder Hunger haben, d\u00fcrfen sie sich an den Brotzeitplatz setzen und nach dem H\u00e4ndewaschen ihre Brotzeit essen.<\/p>\n<\/section>\n<section>\n<h4 style=\"text-align: left;\">14.00 &#8211; 14.15 Uhr: Zweite Abholzeit<\/h4>\n<p style=\"text-align: left;\">Jetzt werden auch die Mittagskinder abgeholt.<\/p>\n<\/section>\n<p><a href=\"https:\/\/www.forchheimer-waldstrolche.de\/wp-content\/uploads\/2017\/05\/Strolchlogo-768x347-1.jpg\"><img loading=\"lazy\" class=\"alignright wp-image-2894 size-full\" src=\"https:\/\/www.forchheimer-waldstrolche.de\/wp-content\/uploads\/2017\/05\/Strolchlogo-768x347-1.jpg\" alt=\"\" width=\"768\" height=\"347\" srcset=\"https:\/\/www.forchheimer-waldstrolche.de\/wp-content\/uploads\/2017\/05\/Strolchlogo-768x347-1.jpg 768w, https:\/\/www.forchheimer-waldstrolche.de\/wp-content\/uploads\/2017\/05\/Strolchlogo-768x347-1-300x136.jpg 300w, https:\/\/www.forchheimer-waldstrolche.de\/wp-content\/uploads\/2017\/05\/Strolchlogo-768x347-1-150x68.jpg 150w\" sizes=\"(max-width: 768px) 100vw, 768px\" \/><\/a><\/p>\n","protected":false},"excerpt":{"rendered":"<p>Ein Tag bei den Forchheimer Waldstrolchen 7.45 &#8211; 8.15 Uhr: Bringzeit Die Kinder trudeln nach und nach ein. Bis alle da sind, haben die Kinder Zeit zum Ankommen, gemeinsamen Spielen, Bauen und Schaukeln. Oft helfen sie auch, den Morgenkreis vorzubereiten. ca. 8.30 Uhr: Morgenkreis Der Morgenkreis findet immer im Tipi\u2026<\/p>\n<p> <a class=\"continue-reading-link\" href=\"https:\/\/www.forchheimer-waldstrolche.de\/?page_id=59\"><span>WEITERLESEN<\/span><i class=\"crycon-right-dir\"><\/i><\/a> <\/p>\n","protected":false},"author":1,"featured_media":0,"parent":0,"menu_order":0,"comment_status":"closed","ping_status":"closed","template":"","meta":[],"_links":{"self":[{"href":"https:\/\/www.forchheimer-waldstrolche.de\/index.php?rest_route=\/wp\/v2\/pages\/59"}],"collection":[{"href":"https:\/\/www.forchheimer-waldstrolche.de\/index.php?rest_route=\/wp\/v2\/pages"}],"about":[{"href":"https:\/\/www.forchheimer-waldstrolche.de\/index.php?rest_route=\/wp\/v2\/types\/page"}],"author":[{"embeddable":true,"href":"https:\/\/www.forchheimer-waldstrolche.de\/index.php?rest_route=\/wp\/v2\/users\/1"}],"replies":[{"embeddable":true,"href":"https:\/\/www.forchheimer-waldstrolche.de\/index.php?rest_route=%2Fwp%2Fv2%2Fcomments&post=59"}],"version-history":[{"count":43,"href":"https:\/\/www.forchheimer-waldstrolche.de\/index.php?rest_route=\/wp\/v2\/pages\/59\/revisions"}],"predecessor-version":[{"id":3361,"href":"https:\/\/www.forchheimer-waldstrolche.de\/index.php?rest_route=\/wp\/v2\/pages\/59\/revisions\/3361"}],"wp:attachment":[{"href":"https:\/\/www.forchheimer-waldstrolche.de\/index.php?rest_route=%2Fwp%2Fv2%2Fmedia&parent=59"}],"curies":[{"name":"wp","href":"https:\/\/api.w.org\/{rel}","templated":true}]}}